{"id":2,"date":"2010-10-30T20:38:19","date_gmt":"2010-10-30T18:38:19","guid":{"rendered":"http:\/\/blog.inumira.de\/?page_id=2"},"modified":"2014-09-01T20:42:27","modified_gmt":"2014-09-01T18:42:27","slug":"eine-seite","status":"publish","type":"page","link":"https:\/\/news.inumira.de\/?page_id=2","title":{"rendered":"I-\u00dcber mich"},"content":{"rendered":"<p>Willkommen auf meinen Blog. Ab 01.11.2010 bin ich die Woche \u00fcber in W\u00fcrzburg zu finden. Hier werd ich notieren, wie es mir geht und was mich bewegt. Mal schauen wie lange ich das durchhalte. \ud83d\ude00<\/p>\n<p>Allein in einer fremden Stadt &#8211; was wird mich dort erwarten?<\/p>\n<p>Wer Interesse daran hat, was noch so von mir im Internet zu finden ist bzw. was ich selbst schon online gestellt habe (was nicht schon gel\u00f6scht ist), meist nur \u00e4ltere Sachen, kann gern hier schauen: <a href=\"http:\/\/www.inumira.de\">http:\/\/www.inumira.de<\/a><\/p>\n<p>Update August 2014<br \/>\nNach 1,5 Jahren war die Zeit in W\u00fcrzburg vorbei und ich bin nach Bayreuth gekommen. Das erste Jahr hatte ich 2 Wohnungen bzw. eine Wohnung und war in Bayreuth in einer WG. Nach wie vor fuhr ich jedes Wochenende nach Halle. Das war dauerhaft etwas stressig und ich f\u00fchlte mich nirgendwo mehr wirklich hingeh\u00f6rig. So dass ich im Mai 2013 aus den 2 Wohnungen eine machte und jetzt zwischen Bayreuth und Kulmbach wohne. Als im M\u00e4rz diesen Jahres auch noch Odin wieder zu mir zur\u00fcckkam, ist alles wieder wie fr\u00fcher. Ich habe wieder mein gewohntes zu Hause. O.k. es fehlen nat\u00fcrlich Freunde und Familie. Allerdings ca. einmal im Monat geht es Richtung Heimat und ich kann alle wiedersehen. <\/p>\n<p>Wie man allein dem oben aufgef\u00fchrten Link entnehmen kann und auch den verschiedenen Eintr\u00e4gen im Archiv, sind meine Interessen ziemlich vielzeitig und manches ist einfach nicht dauerhaft. Wobei ich die Sache mit der Ern\u00e4hrung und dem Sport doch 2 Jahre durchgezogen hab. \ud83d\ude09 Und Bookcrossing besch\u00e4ftigt mich auch schon seit 12 Jahren und hatte lediglich nur immer mal kurze (1-2 Jahre) Unterbrechungen. <\/p>\n<p>Mittlerweile besch\u00e4ftige ich mich viel mit der Fotografie und ich denke dies wird sicherlich auch die n\u00e4chste Zeit das Hauptthema der Seite sein. Bei der Bearbeitung der Bilder kommt mir mein fr\u00fcherer online Photoshop-Kurs zu Hilfe. Auch wenn es damals mehr darum ging eigene Bilder zu erstellen und keine Fotos zu bearbeiten. Wie sich alles weiterentwickelt, werden wir ja sehen. Vielleicht werde ich auch ein paar angefangene Sachen endlich beenden, wie z.B. mein virtueller Stadtrundgang durch Halle.<\/p>\n<p>Auf jeden Fall viel Spa\u00df beim lesen und schauen.<\/p>\n<p>\u00dcber Kommentare freue ich mich!<\/p>\n","protected":false},"excerpt":{"rendered":"<p>Willkommen auf meinen Blog. Ab 01.11.2010 bin ich die Woche \u00fcber in W\u00fcrzburg zu finden. Hier werd ich notieren, wie es mir geht und was mich bewegt. Mal schauen wie lange ich das durchhalte. \ud83d\ude00 Allein in einer fremden Stadt &#8211; was wird mich dort erwarten? Wer Interesse daran hat, was noch so von mir &hellip;<\/p>\n","protected":false},"author":1,"featured_media":0,"parent":0,"menu_order":0,"comment_status":"open","ping_status":"open","template":"","meta":{"ngg_post_thumbnail":0,"footnotes":""},"class_list":["post-2","page","type-page","status-publish",""],"_links":{"self":[{"href":"https:\/\/news.inumira.de\/index.php?rest_route=\/wp\/v2\/pages\/2","targetHints":{"allow":["GET"]}}],"collection":[{"href":"https:\/\/news.inumira.de\/index.php?rest_route=\/wp\/v2\/pages"}],"about":[{"href":"https:\/\/news.inumira.de\/index.php?rest_route=\/wp\/v2\/types\/page"}],"author":[{"embeddable":true,"href":"https:\/\/news.inumira.de\/index.php?rest_route=\/wp\/v2\/users\/1"}],"replies":[{"embeddable":true,"href":"https:\/\/news.inumira.de\/index.php?rest_route=%2Fwp%2Fv2%2Fcomments&post=2"}],"version-history":[{"count":10,"href":"https:\/\/news.inumira.de\/index.php?rest_route=\/wp\/v2\/pages\/2\/revisions"}],"predecessor-version":[{"id":560,"href":"https:\/\/news.inumira.de\/index.php?rest_route=\/wp\/v2\/pages\/2\/revisions\/560"}],"wp:attachment":[{"href":"https:\/\/news.inumira.de\/index.php?rest_route=%2Fwp%2Fv2%2Fmedia&parent=2"}],"curies":[{"name":"wp","href":"https:\/\/api.w.org\/{rel}","templated":true}]}}