{"id":214,"date":"2011-01-29T02:17:45","date_gmt":"2011-01-29T01:17:45","guid":{"rendered":"http:\/\/blog.inumira.de\/?page_id=214"},"modified":"2020-06-14T21:00:18","modified_gmt":"2020-06-14T19:00:18","slug":"stadtrundgang-halle","status":"publish","type":"page","link":"https:\/\/news.inumira.de\/?page_id=214","title":{"rendered":"Stadtrundgang Halle"},"content":{"rendered":"\n<div class=\"wp-block-file\"><a href=\"http:\/\/news.inumira.de\/wp-content\/uploads\/2020\/06\/klwappen.jpg\">klwappen<\/a><a href=\"http:\/\/news.inumira.de\/wp-content\/uploads\/2020\/06\/klwappen.jpg\" class=\"wp-block-file__button\" download>Herunterladen<\/a><\/div>\n\n\n<p style=\"text-align: center;\"><a href=\"http:\/\/news.inumira.de\/?attachment_id=1902\" rel=\"attachment wp-att-1902\"><img loading=\"lazy\" decoding=\"async\" class=\"aligncenter size-full wp-image-1902\" src=\"http:\/\/news.inumira.de\/wp-content\/uploads\/2020\/06\/klwappen.jpg\" alt=\"\" width=\"644\" height=\"483\" srcset=\"https:\/\/news.inumira.de\/wp-content\/uploads\/2020\/06\/klwappen.jpg 644w, https:\/\/news.inumira.de\/wp-content\/uploads\/2020\/06\/klwappen-300x225.jpg 300w\" sizes=\"auto, (max-width: 644px) 100vw, 644px\" \/><\/a>Stadtwappen<\/p>\n<p>&nbsp;<\/p>\n<p>Hier werde ich, wenn ich Zeit und Lust habe etwas \u00fcber die Geschichte der wundersch\u00f6nen und geschichtstr\u00e4chtigen Stadt Halle (Saale) schreiben. Aktuell sind die ersten Seiten verlinkt. Einfach auf die Bilder klicken und es \u00f6ffnet sich ein neuer Tab. Die paar Fotos entsprechen im Moment nicht unbedingt meinen aktuellen Standard. Aber vielleicht macht es trotzdem Lust auf die Stadt.<\/p>\n<p><a href=\"http:\/\/news.inumira.de\/?page_id=241\" target=\"_blank\" rel=\"attachment noopener wp-att-1889 noreferrer\"><img loading=\"lazy\" decoding=\"async\" class=\"aligncenter size-full wp-image-1889\" src=\"http:\/\/news.inumira.de\/wp-content\/uploads\/2020\/06\/kl5tuerme2.jpg\" alt=\"\" width=\"644\" height=\"483\" srcset=\"https:\/\/news.inumira.de\/wp-content\/uploads\/2020\/06\/kl5tuerme2.jpg 644w, https:\/\/news.inumira.de\/wp-content\/uploads\/2020\/06\/kl5tuerme2-300x225.jpg 300w\" sizes=\"auto, (max-width: 644px) 100vw, 644px\" \/><\/a>Marktplatz (Rathaus, Stadthaus, Marktkirche, Roter Turm, Roland, H\u00e4ndel)<\/p>\n<p>&nbsp;<\/p>\n<p>&nbsp;<\/p>\n<p>&nbsp;<\/p>\n<p style=\"text-align: center;\"><a href=\"http:\/\/news.inumira.de\/?page_id=294\" target=\"_blank\" rel=\"attachment noopener wp-att-1893 noreferrer\"><img loading=\"lazy\" decoding=\"async\" class=\"aligncenter size-full wp-image-1893\" src=\"http:\/\/news.inumira.de\/wp-content\/uploads\/2020\/06\/klesel.jpg\" alt=\"\" width=\"483\" height=\"644\" srcset=\"https:\/\/news.inumira.de\/wp-content\/uploads\/2020\/06\/klesel.jpg 483w, https:\/\/news.inumira.de\/wp-content\/uploads\/2020\/06\/klesel-225x300.jpg 225w\" sizes=\"auto, (max-width: 483px) 100vw, 483px\" \/><\/a>Alter Markt<\/p>\n<p>&nbsp;<\/p>\n<p><a href=\"http:\/\/news.inumira.de\/?attachment_id=1908\" rel=\"attachment wp-att-1908\"><img loading=\"lazy\" decoding=\"async\" class=\"aligncenter size-full wp-image-1908\" src=\"http:\/\/news.inumira.de\/wp-content\/uploads\/2020\/06\/novkanonenkugel.jpg\" alt=\"\" width=\"386\" height=\"290\" srcset=\"https:\/\/news.inumira.de\/wp-content\/uploads\/2020\/06\/novkanonenkugel.jpg 386w, https:\/\/news.inumira.de\/wp-content\/uploads\/2020\/06\/novkanonenkugel-300x225.jpg 300w\" sizes=\"auto, (max-width: 386px) 100vw, 386px\" \/><\/a>Haus mit eingemauerter Kanonenkugel (Kaufmann mit Soll und Haben)<\/p>\n<p style=\"text-align: center;\">&nbsp;<\/p>\n<p style=\"text-align: center;\"><a href=\"http:\/\/news.inumira.de\/?attachment_id=1906\" rel=\"attachment wp-att-1906\"><img loading=\"lazy\" decoding=\"async\" class=\"aligncenter size-large wp-image-1906\" src=\"http:\/\/news.inumira.de\/wp-content\/uploads\/2020\/06\/Moritzkirche-768x1024.jpg\" alt=\"\" width=\"618\" height=\"824\" srcset=\"https:\/\/news.inumira.de\/wp-content\/uploads\/2020\/06\/Moritzkirche-768x1024.jpg 768w, https:\/\/news.inumira.de\/wp-content\/uploads\/2020\/06\/Moritzkirche-225x300.jpg 225w, https:\/\/news.inumira.de\/wp-content\/uploads\/2020\/06\/Moritzkirche-1152x1536.jpg 1152w, https:\/\/news.inumira.de\/wp-content\/uploads\/2020\/06\/Moritzkirche-1536x2048.jpg 1536w, https:\/\/news.inumira.de\/wp-content\/uploads\/2020\/06\/Moritzkirche-scaled.jpg 1920w\" sizes=\"auto, (max-width: 618px) 100vw, 618px\" \/><\/a>Moritzkirche<\/p>\n<p style=\"text-align: center;\"><a href=\"http:\/\/news.inumira.de\/?attachment_id=1883\" rel=\"attachment wp-att-1883\"><img loading=\"lazy\" decoding=\"async\" class=\"aligncenter size-large wp-image-1883\" src=\"http:\/\/news.inumira.de\/wp-content\/uploads\/2020\/06\/Brunnen_Hallmarkt-1024x606.jpg\" alt=\"\" width=\"618\" height=\"366\" srcset=\"https:\/\/news.inumira.de\/wp-content\/uploads\/2020\/06\/Brunnen_Hallmarkt-1024x606.jpg 1024w, https:\/\/news.inumira.de\/wp-content\/uploads\/2020\/06\/Brunnen_Hallmarkt-300x178.jpg 300w, https:\/\/news.inumira.de\/wp-content\/uploads\/2020\/06\/Brunnen_Hallmarkt-768x455.jpg 768w, https:\/\/news.inumira.de\/wp-content\/uploads\/2020\/06\/Brunnen_Hallmarkt-1536x910.jpg 1536w, https:\/\/news.inumira.de\/wp-content\/uploads\/2020\/06\/Brunnen_Hallmarkt-2048x1213.jpg 2048w\" sizes=\"auto, (max-width: 618px) 100vw, 618px\" \/><\/a>Hallmarkt<\/p>\n<p>&nbsp;<\/p>\n<p style=\"text-align: center;\"><a href=\"http:\/\/news.inumira.de\/?attachment_id=1907\" rel=\"attachment wp-att-1907\"><img loading=\"lazy\" decoding=\"async\" class=\"aligncenter size-large wp-image-1907\" src=\"http:\/\/news.inumira.de\/wp-content\/uploads\/2020\/06\/neueResidenz-1024x768.jpg\" alt=\"\" width=\"618\" height=\"464\" srcset=\"https:\/\/news.inumira.de\/wp-content\/uploads\/2020\/06\/neueResidenz-1024x768.jpg 1024w, https:\/\/news.inumira.de\/wp-content\/uploads\/2020\/06\/neueResidenz-300x225.jpg 300w, https:\/\/news.inumira.de\/wp-content\/uploads\/2020\/06\/neueResidenz-768x576.jpg 768w, https:\/\/news.inumira.de\/wp-content\/uploads\/2020\/06\/neueResidenz-1536x1152.jpg 1536w, https:\/\/news.inumira.de\/wp-content\/uploads\/2020\/06\/neueResidenz-2048x1536.jpg 2048w\" sizes=\"auto, (max-width: 618px) 100vw, 618px\" \/><\/a>Neue Residenz<\/p>\n<p>&nbsp;<\/p>\n<p>&nbsp;<\/p>\n<p style=\"text-align: center;\"><a href=\"http:\/\/news.inumira.de\/?attachment_id=1892\" rel=\"attachment wp-att-1892\"><img loading=\"lazy\" decoding=\"async\" class=\"aligncenter size-full wp-image-1892\" src=\"http:\/\/news.inumira.de\/wp-content\/uploads\/2020\/06\/kldom3.jpg\" alt=\"\" width=\"644\" height=\"483\" srcset=\"https:\/\/news.inumira.de\/wp-content\/uploads\/2020\/06\/kldom3.jpg 644w, https:\/\/news.inumira.de\/wp-content\/uploads\/2020\/06\/kldom3-300x225.jpg 300w\" sizes=\"auto, (max-width: 644px) 100vw, 644px\" \/><\/a>Dom<\/p>\n<p>&nbsp;<\/p>\n<p style=\"text-align: center;\"><a href=\"http:\/\/news.inumira.de\/?attachment_id=1879\" rel=\"attachment wp-att-1879\"><img loading=\"lazy\" decoding=\"async\" class=\"aligncenter size-large wp-image-1879\" src=\"http:\/\/news.inumira.de\/wp-content\/uploads\/2020\/06\/Moritzburg-1024x740.jpg\" alt=\"\" width=\"618\" height=\"447\" srcset=\"https:\/\/news.inumira.de\/wp-content\/uploads\/2020\/06\/Moritzburg-1024x740.jpg 1024w, https:\/\/news.inumira.de\/wp-content\/uploads\/2020\/06\/Moritzburg-300x217.jpg 300w, https:\/\/news.inumira.de\/wp-content\/uploads\/2020\/06\/Moritzburg-768x555.jpg 768w, https:\/\/news.inumira.de\/wp-content\/uploads\/2020\/06\/Moritzburg.jpg 1166w\" sizes=\"auto, (max-width: 618px) 100vw, 618px\" \/><\/a>Moritzburg<\/p>\n<p>&nbsp;<\/p>\n<p style=\"text-align: center;\"><a href=\"http:\/\/news.inumira.de\/?attachment_id=1909\" rel=\"attachment wp-att-1909\"><img loading=\"lazy\" decoding=\"async\" class=\"aligncenter size-full wp-image-1909\" src=\"http:\/\/news.inumira.de\/wp-content\/uploads\/2020\/06\/novnt.jpg\" alt=\"\" width=\"386\" height=\"290\" srcset=\"https:\/\/news.inumira.de\/wp-content\/uploads\/2020\/06\/novnt.jpg 386w, https:\/\/news.inumira.de\/wp-content\/uploads\/2020\/06\/novnt-300x225.jpg 300w\" sizes=\"auto, (max-width: 386px) 100vw, 386px\" \/><\/a>Universit\u00e4tsplatz\/Kulturinsel<\/p>\n<p style=\"text-align: center;\"><a href=\"http:\/\/news.inumira.de\/?attachment_id=1915\" rel=\"attachment wp-att-1915\"><img loading=\"lazy\" decoding=\"async\" class=\"aligncenter size-large wp-image-1915\" src=\"http:\/\/news.inumira.de\/wp-content\/uploads\/2020\/06\/Opernhaus-1024x697.jpg\" alt=\"\" width=\"618\" height=\"421\" srcset=\"https:\/\/news.inumira.de\/wp-content\/uploads\/2020\/06\/Opernhaus-1024x697.jpg 1024w, https:\/\/news.inumira.de\/wp-content\/uploads\/2020\/06\/Opernhaus-300x204.jpg 300w, https:\/\/news.inumira.de\/wp-content\/uploads\/2020\/06\/Opernhaus-768x523.jpg 768w, https:\/\/news.inumira.de\/wp-content\/uploads\/2020\/06\/Opernhaus-1536x1046.jpg 1536w, https:\/\/news.inumira.de\/wp-content\/uploads\/2020\/06\/Opernhaus-2048x1395.jpg 2048w, https:\/\/news.inumira.de\/wp-content\/uploads\/2020\/06\/Opernhaus-110x75.jpg 110w\" sizes=\"auto, (max-width: 618px) 100vw, 618px\" \/><\/a>Oper<\/p>\n<p style=\"text-align: center;\"><a href=\"http:\/\/news.inumira.de\/?attachment_id=1918\" rel=\"attachment wp-att-1918\"><img loading=\"lazy\" decoding=\"async\" class=\"aligncenter size-large wp-image-1918\" src=\"http:\/\/news.inumira.de\/wp-content\/uploads\/2020\/06\/Stadtgottesacker-1-1024x628.jpg\" alt=\"\" width=\"618\" height=\"379\" srcset=\"https:\/\/news.inumira.de\/wp-content\/uploads\/2020\/06\/Stadtgottesacker-1-1024x628.jpg 1024w, https:\/\/news.inumira.de\/wp-content\/uploads\/2020\/06\/Stadtgottesacker-1-300x184.jpg 300w, https:\/\/news.inumira.de\/wp-content\/uploads\/2020\/06\/Stadtgottesacker-1-768x471.jpg 768w, https:\/\/news.inumira.de\/wp-content\/uploads\/2020\/06\/Stadtgottesacker-1.jpg 1242w\" sizes=\"auto, (max-width: 618px) 100vw, 618px\" \/><\/a>Stadtgottesacker<\/p>\n<p style=\"text-align: center;\"><a href=\"http:\/\/news.inumira.de\/?attachment_id=1887\" rel=\"attachment wp-att-1887\"><img loading=\"lazy\" decoding=\"async\" class=\"aligncenter size-large wp-image-1887\" src=\"http:\/\/news.inumira.de\/wp-content\/uploads\/2020\/06\/Frankische_Stiftung-1024x653.jpg\" alt=\"\" width=\"618\" height=\"394\" srcset=\"https:\/\/news.inumira.de\/wp-content\/uploads\/2020\/06\/Frankische_Stiftung-1024x653.jpg 1024w, https:\/\/news.inumira.de\/wp-content\/uploads\/2020\/06\/Frankische_Stiftung-300x191.jpg 300w, https:\/\/news.inumira.de\/wp-content\/uploads\/2020\/06\/Frankische_Stiftung-768x490.jpg 768w, https:\/\/news.inumira.de\/wp-content\/uploads\/2020\/06\/Frankische_Stiftung-1536x979.jpg 1536w, https:\/\/news.inumira.de\/wp-content\/uploads\/2020\/06\/Frankische_Stiftung-2048x1305.jpg 2048w\" sizes=\"auto, (max-width: 618px) 100vw, 618px\" \/><\/a>Franckesche Stiftungen<\/p>\n<p>&nbsp;<\/p>\n<p style=\"text-align: center;\"><a href=\"http:\/\/news.inumira.de\/?attachment_id=1917\" rel=\"attachment wp-att-1917\"><img loading=\"lazy\" decoding=\"async\" class=\"aligncenter size-large wp-image-1917\" src=\"http:\/\/news.inumira.de\/wp-content\/uploads\/2020\/06\/Saline2-1024x768.jpg\" alt=\"\" width=\"618\" height=\"464\" srcset=\"https:\/\/news.inumira.de\/wp-content\/uploads\/2020\/06\/Saline2-1024x768.jpg 1024w, https:\/\/news.inumira.de\/wp-content\/uploads\/2020\/06\/Saline2-300x225.jpg 300w, https:\/\/news.inumira.de\/wp-content\/uploads\/2020\/06\/Saline2-768x576.jpg 768w, https:\/\/news.inumira.de\/wp-content\/uploads\/2020\/06\/Saline2-1536x1152.jpg 1536w, https:\/\/news.inumira.de\/wp-content\/uploads\/2020\/06\/Saline2-2048x1536.jpg 2048w\" sizes=\"auto, (max-width: 618px) 100vw, 618px\" \/><\/a>Saline<\/p>\n<p style=\"text-align: center;\"><a href=\"http:\/\/news.inumira.de\/?attachment_id=1905\" rel=\"attachment wp-att-1905\"><img loading=\"lazy\" decoding=\"async\" class=\"aligncenter size-large wp-image-1905\" src=\"http:\/\/news.inumira.de\/wp-content\/uploads\/2020\/06\/MLU-1024x768.jpg\" alt=\"\" width=\"618\" height=\"464\" srcset=\"https:\/\/news.inumira.de\/wp-content\/uploads\/2020\/06\/MLU-1024x768.jpg 1024w, https:\/\/news.inumira.de\/wp-content\/uploads\/2020\/06\/MLU-300x225.jpg 300w, https:\/\/news.inumira.de\/wp-content\/uploads\/2020\/06\/MLU-768x576.jpg 768w, https:\/\/news.inumira.de\/wp-content\/uploads\/2020\/06\/MLU-1536x1152.jpg 1536w, https:\/\/news.inumira.de\/wp-content\/uploads\/2020\/06\/MLU-2048x1536.jpg 2048w\" sizes=\"auto, (max-width: 618px) 100vw, 618px\" \/><\/a>Martin-Luther-Universit\u00e4t<\/p>\n<p>&nbsp;<\/p>\n<p style=\"text-align: center;\"><a href=\"http:\/\/news.inumira.de\/?attachment_id=1880\" rel=\"attachment wp-att-1880\"><img loading=\"lazy\" decoding=\"async\" class=\"aligncenter size-large wp-image-1880\" src=\"http:\/\/news.inumira.de\/wp-content\/uploads\/2020\/06\/Peiznitzexpress-1024x524.jpg\" alt=\"\" width=\"618\" height=\"316\" srcset=\"https:\/\/news.inumira.de\/wp-content\/uploads\/2020\/06\/Peiznitzexpress-1024x524.jpg 1024w, https:\/\/news.inumira.de\/wp-content\/uploads\/2020\/06\/Peiznitzexpress-300x154.jpg 300w, https:\/\/news.inumira.de\/wp-content\/uploads\/2020\/06\/Peiznitzexpress-768x393.jpg 768w, https:\/\/news.inumira.de\/wp-content\/uploads\/2020\/06\/Peiznitzexpress.jpg 1476w\" sizes=\"auto, (max-width: 618px) 100vw, 618px\" \/><\/a>Pei\u00dfnitzexpress<\/p>\n<p>&nbsp;<\/p>\n<p style=\"text-align: center;\"><a href=\"http:\/\/news.inumira.de\/?attachment_id=1912\" rel=\"attachment wp-att-1912\"><img loading=\"lazy\" decoding=\"async\" class=\"aligncenter size-full wp-image-1912\" src=\"http:\/\/news.inumira.de\/wp-content\/uploads\/2020\/06\/okthaendelhaus.jpg\" alt=\"\" width=\"386\" height=\"290\" srcset=\"https:\/\/news.inumira.de\/wp-content\/uploads\/2020\/06\/okthaendelhaus.jpg 386w, https:\/\/news.inumira.de\/wp-content\/uploads\/2020\/06\/okthaendelhaus-300x225.jpg 300w\" sizes=\"auto, (max-width: 386px) 100vw, 386px\" \/><\/a>H\u00e4ndelhaus<\/p>\n<p>&nbsp;<\/p>\n<p>Na dann &#8230; hoff ich mal, dass ich alles zusammen bekomme.<\/p>\n<p>Bereits 2006 zur 1200 Jahrfeier der Stadt Halle, hatte ich mich mit der Geschichte besch\u00e4ftigt und dies im Rahmen einer Challenge von Bookcrossing auf folgender Seite kurz zusammengefasst. Wer also meine Kurzfassung der Geschichte lesen m\u00f6chte, kann dies gern hier:<a href=\"http:\/\/bookcrossing.inumira.de\/\"> http:\/\/bookcrossing.inumira.de\/<\/a> tun.<\/p>\n<p>Da es diesmal um eine Stadtf\u00fchrung geht, wo verschiedene Sehensw\u00fcrdigkeiten genauer betrachtet werden (wieder nur Kurzfassung), kollidiert es meiner Meinung nach nicht.<\/p>\n\n\n<p><\/p>\n","protected":false},"excerpt":{"rendered":"<p>klwappenHerunterladen Stadtwappen &nbsp; Hier werde ich, wenn ich Zeit und Lust habe etwas \u00fcber die Geschichte der wundersch\u00f6nen und geschichtstr\u00e4chtigen Stadt Halle (Saale) schreiben. Aktuell sind die ersten Seiten verlinkt. Einfach auf die Bilder klicken und es \u00f6ffnet sich ein neuer Tab. Die paar Fotos entsprechen im Moment nicht unbedingt meinen aktuellen Standard. Aber vielleicht &hellip;<\/p>\n","protected":false},"author":1,"featured_media":0,"parent":0,"menu_order":0,"comment_status":"open","ping_status":"open","template":"","meta":{"ngg_post_thumbnail":0,"footnotes":""},"class_list":["post-214","page","type-page","status-publish",""],"_links":{"self":[{"href":"https:\/\/news.inumira.de\/index.php?rest_route=\/wp\/v2\/pages\/214","targetHints":{"allow":["GET"]}}],"collection":[{"href":"https:\/\/news.inumira.de\/index.php?rest_route=\/wp\/v2\/pages"}],"about":[{"href":"https:\/\/news.inumira.de\/index.php?rest_route=\/wp\/v2\/types\/page"}],"author":[{"embeddable":true,"href":"https:\/\/news.inumira.de\/index.php?rest_route=\/wp\/v2\/users\/1"}],"replies":[{"embeddable":true,"href":"https:\/\/news.inumira.de\/index.php?rest_route=%2Fwp%2Fv2%2Fcomments&post=214"}],"version-history":[{"count":45,"href":"https:\/\/news.inumira.de\/index.php?rest_route=\/wp\/v2\/pages\/214\/revisions"}],"predecessor-version":[{"id":1926,"href":"https:\/\/news.inumira.de\/index.php?rest_route=\/wp\/v2\/pages\/214\/revisions\/1926"}],"wp:attachment":[{"href":"https:\/\/news.inumira.de\/index.php?rest_route=%2Fwp%2Fv2%2Fmedia&parent=214"}],"curies":[{"name":"wp","href":"https:\/\/api.w.org\/{rel}","templated":true}]}}