{"id":294,"date":"2011-01-29T23:35:44","date_gmt":"2011-01-29T22:35:44","guid":{"rendered":"http:\/\/blog.inumira.de\/?page_id=294"},"modified":"2014-09-01T20:01:24","modified_gmt":"2014-09-01T18:01:24","slug":"alter-markt","status":"publish","type":"page","link":"https:\/\/news.inumira.de\/?page_id=294","title":{"rendered":"Alter Markt"},"content":{"rendered":"<p>Der alte Markt liegt s\u00fcdlich des Marktplatzes und war fr\u00fcher der Siedlungskern. Am Alten Markt stand das erste Rathaus mit der Michaeliskapelle. Dies ist heute nicht mehr vorhanden. Hier wurden die Handelsstra\u00dfen von Magdeburg nach S\u00fcddeutschland verbunden. Seit 1480 steht auf diese T-f\u00f6rmigen Platz in der mitte ein \u00f6ffentlicher Brunnen. Der heutige Eselsbrunnen mit der Figur, des M\u00fcllerburschen, welcher auf Rosen geht, beruht auf einer Sage. Er wurde 1913 eingeweiht. <\/p>\n<p>Dieses Wahrzeichen der Stadt ist an verschiedenen Geb\u00e4uden in Halle zu sehen. So hei\u00dft es in der Sage, dass der Kaiser Otto I nach Halle reisen wollte. Aufgrund des Saalehochwassers, musste die Route, welche geplant war, ge\u00e4ndert werden. Und so kam es, dass auf dem geplanten Weg ein M\u00fcllerbursche mit seinen Esel anstelle des Kaisers kam. Und dieser ging dann auf den gestreuten Rosen.<\/p>\n<p><a href=\"http:\/\/blog.inumira.de\/wp-content\/uploads\/2011\/01\/eselsbrunnen.jpg\"><img loading=\"lazy\" decoding=\"async\" src=\"http:\/\/blog.inumira.de\/wp-content\/uploads\/2011\/01\/eselsbrunnen-225x300.jpg\" alt=\"\" title=\"eselsbrunnen\" width=\"225\" height=\"300\" class=\"aligncenter size-medium wp-image-222\" srcset=\"https:\/\/news.inumira.de\/wp-content\/uploads\/2011\/01\/eselsbrunnen-225x300.jpg 225w, https:\/\/news.inumira.de\/wp-content\/uploads\/2011\/01\/eselsbrunnen-768x1024.jpg 768w, https:\/\/news.inumira.de\/wp-content\/uploads\/2011\/01\/eselsbrunnen.jpg 1932w\" sizes=\"auto, (max-width: 225px) 100vw, 225px\" \/><\/a><\/p>\n","protected":false},"excerpt":{"rendered":"<p>Der alte Markt liegt s\u00fcdlich des Marktplatzes und war fr\u00fcher der Siedlungskern. Am Alten Markt stand das erste Rathaus mit der Michaeliskapelle. Dies ist heute nicht mehr vorhanden. Hier wurden die Handelsstra\u00dfen von Magdeburg nach S\u00fcddeutschland verbunden. Seit 1480 steht auf diese T-f\u00f6rmigen Platz in der mitte ein \u00f6ffentlicher Brunnen. Der heutige Eselsbrunnen mit der &hellip;<\/p>\n","protected":false},"author":1,"featured_media":0,"parent":214,"menu_order":0,"comment_status":"open","ping_status":"open","template":"","meta":{"ngg_post_thumbnail":0,"footnotes":""},"class_list":["post-294","page","type-page","status-publish",""],"_links":{"self":[{"href":"https:\/\/news.inumira.de\/index.php?rest_route=\/wp\/v2\/pages\/294","targetHints":{"allow":["GET"]}}],"collection":[{"href":"https:\/\/news.inumira.de\/index.php?rest_route=\/wp\/v2\/pages"}],"about":[{"href":"https:\/\/news.inumira.de\/index.php?rest_route=\/wp\/v2\/types\/page"}],"author":[{"embeddable":true,"href":"https:\/\/news.inumira.de\/index.php?rest_route=\/wp\/v2\/users\/1"}],"replies":[{"embeddable":true,"href":"https:\/\/news.inumira.de\/index.php?rest_route=%2Fwp%2Fv2%2Fcomments&post=294"}],"version-history":[{"count":5,"href":"https:\/\/news.inumira.de\/index.php?rest_route=\/wp\/v2\/pages\/294\/revisions"}],"predecessor-version":[{"id":548,"href":"https:\/\/news.inumira.de\/index.php?rest_route=\/wp\/v2\/pages\/294\/revisions\/548"}],"up":[{"embeddable":true,"href":"https:\/\/news.inumira.de\/index.php?rest_route=\/wp\/v2\/pages\/214"}],"wp:attachment":[{"href":"https:\/\/news.inumira.de\/index.php?rest_route=%2Fwp%2Fv2%2Fmedia&parent=294"}],"curies":[{"name":"wp","href":"https:\/\/api.w.org\/{rel}","templated":true}]}}