{"id":414,"date":"2011-03-25T16:43:40","date_gmt":"2011-03-25T15:43:40","guid":{"rendered":"http:\/\/blog.inumira.de\/?page_id=414"},"modified":"2014-09-21T22:25:07","modified_gmt":"2014-09-21T20:25:07","slug":"wurzburg","status":"publish","type":"page","link":"https:\/\/news.inumira.de\/?page_id=414","title":{"rendered":"V-W\u00fcrzburg"},"content":{"rendered":"<p><a href=\"http:\/\/blog.inumira.de\/wp-content\/uploads\/2011\/02\/WB-Festung-Marienberg.jpg\"><img loading=\"lazy\" decoding=\"async\" src=\"http:\/\/blog.inumira.de\/wp-content\/uploads\/2011\/02\/WB-Festung-Marienberg-300x225.jpg\" alt=\"\" title=\"WB-Festung Marienberg\" width=\"300\" height=\"225\" class=\"aligncenter size-medium wp-image-322\" srcset=\"https:\/\/news.inumira.de\/wp-content\/uploads\/2011\/02\/WB-Festung-Marienberg-300x225.jpg 300w, https:\/\/news.inumira.de\/wp-content\/uploads\/2011\/02\/WB-Festung-Marienberg.jpg 432w\" sizes=\"auto, (max-width: 300px) 100vw, 300px\" \/><\/a><\/p>\n<p>Ein wenig sollte ich mich vielleicht auch mit W\u00fcrzburg besch\u00e4ftigen &#8211; immerhin bin ich 4 Tage die Woche dort.<\/p>\n<p>So werde ich hier mal schauen \u00fcber welche Informationen ich so stolpere und was ich f\u00fcr Interessant erachte. <\/p>\n<p>Hoffentlich bleibt es nicht bei nur der einen Unterseite. \ud83d\ude09<\/p>\n","protected":false},"excerpt":{"rendered":"<p>Ein wenig sollte ich mich vielleicht auch mit W\u00fcrzburg besch\u00e4ftigen &#8211; immerhin bin ich 4 Tage die Woche dort. So werde ich hier mal schauen \u00fcber welche Informationen ich so stolpere und was ich f\u00fcr Interessant erachte. Hoffentlich bleibt es nicht bei nur der einen Unterseite. \ud83d\ude09<\/p>\n","protected":false},"author":1,"featured_media":0,"parent":0,"menu_order":0,"comment_status":"closed","ping_status":"open","template":"","meta":{"ngg_post_thumbnail":0,"footnotes":""},"class_list":["post-414","page","type-page","status-publish",""],"_links":{"self":[{"href":"https:\/\/news.inumira.de\/index.php?rest_route=\/wp\/v2\/pages\/414","targetHints":{"allow":["GET"]}}],"collection":[{"href":"https:\/\/news.inumira.de\/index.php?rest_route=\/wp\/v2\/pages"}],"about":[{"href":"https:\/\/news.inumira.de\/index.php?rest_route=\/wp\/v2\/types\/page"}],"author":[{"embeddable":true,"href":"https:\/\/news.inumira.de\/index.php?rest_route=\/wp\/v2\/users\/1"}],"replies":[{"embeddable":true,"href":"https:\/\/news.inumira.de\/index.php?rest_route=%2Fwp%2Fv2%2Fcomments&post=414"}],"version-history":[{"count":6,"href":"https:\/\/news.inumira.de\/index.php?rest_route=\/wp\/v2\/pages\/414\/revisions"}],"predecessor-version":[{"id":974,"href":"https:\/\/news.inumira.de\/index.php?rest_route=\/wp\/v2\/pages\/414\/revisions\/974"}],"wp:attachment":[{"href":"https:\/\/news.inumira.de\/index.php?rest_route=%2Fwp%2Fv2%2Fmedia&parent=414"}],"curies":[{"name":"wp","href":"https:\/\/api.w.org\/{rel}","templated":true}]}}