{"id":964,"date":"2014-09-21T22:03:43","date_gmt":"2014-09-21T20:03:43","guid":{"rendered":"http:\/\/blog.inumira.de\/?page_id=964"},"modified":"2014-09-21T22:26:02","modified_gmt":"2014-09-21T20:26:02","slug":"bayreuth","status":"publish","type":"page","link":"https:\/\/news.inumira.de\/?page_id=964","title":{"rendered":"III-Verschiedene Fotos Halle\/Leipzig"},"content":{"rendered":"<p>Hier werden nach und nach einzelne Ordner mit Bildern hochgeladen. Das nicht das eine oder andere Bild, noch sp\u00e4ter bearbeitet wird und ausgetauscht, m\u00f6chte ich nicht ausschlie\u00dfen. \ud83d\ude00 Viel Spa\u00df<\/p>\n","protected":false},"excerpt":{"rendered":"<p>Hier werden nach und nach einzelne Ordner mit Bildern hochgeladen. Das nicht das eine oder andere Bild, noch sp\u00e4ter bearbeitet wird und ausgetauscht, m\u00f6chte ich nicht ausschlie\u00dfen. \ud83d\ude00 Viel Spa\u00df<\/p>\n","protected":false},"author":1,"featured_media":0,"parent":0,"menu_order":0,"comment_status":"closed","ping_status":"open","template":"","meta":{"ngg_post_thumbnail":0,"footnotes":""},"class_list":["post-964","page","type-page","status-publish",""],"_links":{"self":[{"href":"https:\/\/news.inumira.de\/index.php?rest_route=\/wp\/v2\/pages\/964","targetHints":{"allow":["GET"]}}],"collection":[{"href":"https:\/\/news.inumira.de\/index.php?rest_route=\/wp\/v2\/pages"}],"about":[{"href":"https:\/\/news.inumira.de\/index.php?rest_route=\/wp\/v2\/types\/page"}],"author":[{"embeddable":true,"href":"https:\/\/news.inumira.de\/index.php?rest_route=\/wp\/v2\/users\/1"}],"replies":[{"embeddable":true,"href":"https:\/\/news.inumira.de\/index.php?rest_route=%2Fwp%2Fv2%2Fcomments&post=964"}],"version-history":[{"count":3,"href":"https:\/\/news.inumira.de\/index.php?rest_route=\/wp\/v2\/pages\/964\/revisions"}],"predecessor-version":[{"id":975,"href":"https:\/\/news.inumira.de\/index.php?rest_route=\/wp\/v2\/pages\/964\/revisions\/975"}],"wp:attachment":[{"href":"https:\/\/news.inumira.de\/index.php?rest_route=%2Fwp%2Fv2%2Fmedia&parent=964"}],"curies":[{"name":"wp","href":"https:\/\/api.w.org\/{rel}","templated":true}]}}